{"id":28,"date":"2020-12-10T12:04:41","date_gmt":"2020-12-10T12:04:41","guid":{"rendered":"http:\/\/www.dom-iz-snova.hr\/?page_id=28"},"modified":"2021-01-14T09:57:45","modified_gmt":"2021-01-14T09:57:45","slug":"home","status":"publish","type":"page","link":"https:\/\/www.dom-iz-snova.hr\/","title":{"rendered":"Na\u0161 projektni tim za Va\u0161 dom iz snova"},"content":{"rendered":"\n<p>Ostavili smo vam mogu\u0107nost da izaberete neke od na\u0161ih tipskih ku\u0107a, ukoliko zadovoljavaju va\u0161e snove, a ako ne, na raspolaganju vam je na\u0161 projektni ured koji \u0107e iza\u0107i u susret svim va\u0161im \u017eeljama: vizualnim, funkcionalnim i arhitektonskim.<\/p>\n","protected":false},"excerpt":{"rendered":"<p>Ostavili smo vam mogu\u0107nost da izaberete neke od na\u0161ih tipskih ku\u0107a, ukoliko zadovoljavaju va\u0161e snove, a ako ne, na raspolaganju vam je na\u0161 projektni ured koji \u0107e iza\u0107i u susret svim va\u0161im \u017eeljama: vizualnim, funkcionalnim i arhitektonskim.<\/p>\n","protected":false},"author":1,"featured_media":693,"parent":0,"menu_order":0,"comment_status":"closed","ping_status":"closed","template":"","meta":{"footnotes":""},"class_list":["post-28","page","type-page","status-publish","has-post-thumbnail","hentry"],"_links":{"self":[{"href":"https:\/\/www.dom-iz-snova.hr\/index.php?rest_route=\/wp\/v2\/pages\/28","targetHints":{"allow":["GET"]}}],"collection":[{"href":"https:\/\/www.dom-iz-snova.hr\/index.php?rest_route=\/wp\/v2\/pages"}],"about":[{"href":"https:\/\/www.dom-iz-snova.hr\/index.php?rest_route=\/wp\/v2\/types\/page"}],"author":[{"embeddable":true,"href":"https:\/\/www.dom-iz-snova.hr\/index.php?rest_route=\/wp\/v2\/users\/1"}],"replies":[{"embeddable":true,"href":"https:\/\/www.dom-iz-snova.hr\/index.php?rest_route=%2Fwp%2Fv2%2Fcomments&post=28"}],"version-history":[{"count":2,"href":"https:\/\/www.dom-iz-snova.hr\/index.php?rest_route=\/wp\/v2\/pages\/28\/revisions"}],"predecessor-version":[{"id":54,"href":"https:\/\/www.dom-iz-snova.hr\/index.php?rest_route=\/wp\/v2\/pages\/28\/revisions\/54"}],"wp:featuredmedia":[{"embeddable":true,"href":"https:\/\/www.dom-iz-snova.hr\/index.php?rest_route=\/wp\/v2\/media\/693"}],"wp:attachment":[{"href":"https:\/\/www.dom-iz-snova.hr\/index.php?rest_route=%2Fwp%2Fv2%2Fmedia&parent=28"}],"curies":[{"name":"wp","href":"https:\/\/api.w.org\/{rel}","templated":true}]}}