{"id":94,"date":"2020-12-10T13:25:44","date_gmt":"2020-12-10T13:25:44","guid":{"rendered":"http:\/\/www.dom-iz-snova.hr\/?page_id=94"},"modified":"2022-03-03T10:27:03","modified_gmt":"2022-03-03T10:27:03","slug":"tea-96m2","status":"publish","type":"page","link":"http:\/\/www.dom-iz-snova.hr\/?page_id=94","title":{"rendered":"Tea 96m2"},"content":{"rendered":"\n<p>Prizemnica 96m2, sastoji se od: ulazni hodnik, podest, dnevni boravak, kuhinja, spava\u0107a soba, kupaonica, dje\u010dja soba.<\/p>\n\n\n\n<p><strong>Visoki roh bau 41.160 eura*<\/strong><\/p>\n\n\n\n<p>*Cijene su iskazane bez PDV-a, za monta\u017eni zid D1.<\/p>\n\n\n\n<p><\/p>\n\n\n<style type=\"text\/css\" scoped>.rbs_gallery_69e1e91dbd568Spinner{\r\n\t\t\t\tmargin: 50px auto;\r\n\t\t\t\twidth: 50px;\r\n\t\t\t\theight: 40px;\r\n\t\t\t\ttext-align: center;\r\n\t\t\t\tfont-size: 10px;\r\n\t\t\t}\r\n\t\t\t.rbs_gallery_69e1e91dbd568Spinner > div{\r\n\t\t\t  background-color: #333;\r\n\t\t\t  height: 100%;\r\n\t\t\t  width: 6px;\r\n\t\t\t  display: inline-block;\r\n\t\t\t  -webkit-animation: rbs_gallery_69e1e91dbd568-stretchdelay 1.2s infinite ease-in-out;\r\n\t\t\t  animation: rbs_gallery_69e1e91dbd568-stretchdelay 1.2s infinite ease-in-out;\r\n\t\t\t}\r\n\t\t\t.rbs_gallery_69e1e91dbd568Spinner .rbs_gallery_69e1e91dbd568Rect2 {\r\n\t\t\t  -webkit-animation-delay: -1.1s;\r\n\t\t\t  animation-delay: -1.1s;\r\n\t\t\t}\r\n\t\t\t.rbs_gallery_69e1e91dbd568Spinner .rbs_gallery_69e1e91dbd568Rect3 {\r\n\t\t\t  -webkit-animation-delay: -1.0s;\r\n\t\t\t  animation-delay: -1.0s;\r\n\t\t\t}\r\n\t\t\t.rbs_gallery_69e1e91dbd568Spinner .rbs_gallery_69e1e91dbd568Rect4 {\r\n\t\t\t  -webkit-animation-delay: -0.9s;\r\n\t\t\t  animation-delay: -0.9s;\r\n\t\t\t}\r\n\t\t\t.rbs_gallery_69e1e91dbd568Spinner .rbs_gallery_69e1e91dbd568Rect5 {\r\n\t\t\t  -webkit-animation-delay: -0.8s;\r\n\t\t\t  animation-delay: -0.8s;\r\n\t\t\t}\r\n\t\t\t@-webkit-keyframes rbs_gallery_69e1e91dbd568-stretchdelay {\r\n\t\t\t  0%, 40%, 100% { -webkit-transform: scaleY(0.4) }  \r\n\t\t\t  20% { -webkit-transform: scaleY(1.0) }\r\n\t\t\t}\r\n\t\t\t@keyframes rbs_gallery_69e1e91dbd568-stretchdelay {\r\n\t\t\t  0%, 40%, 100% { \r\n\t\t\t    transform: scaleY(0.4);\r\n\t\t\t    -webkit-transform: scaleY(0.4);\r\n\t\t\t  }  20% { \r\n\t\t\t    transform: scaleY(1.0);\r\n\t\t\t    -webkit-transform: scaleY(1.0);\r\n\t\t\t  }\r\n\t\t\t}\r\n\t\t<\/style><div class=\"robo-gallery-wrap robo-gallery-wrap-id360 robo-gallery-grid\" ><div id=\"rbs_gallery_69e1e91dbd568-block-loader\" class=\"rbs_gallery_69e1e91dbd568Spinner\"><div class=\"rbs_gallery_69e1e91dbd568Rect1\"><\/div> <div class=\"rbs_gallery_69e1e91dbd568Rect2\"><\/div> <div class=\"rbs_gallery_69e1e91dbd568Rect3\"><\/div> <div class=\"rbs_gallery_69e1e91dbd568Rect4\"><\/div> <div class=\"rbs_gallery_69e1e91dbd568Rect5\"><\/div><\/div><div id=\"robo_gallery_main_block_rbs_gallery_69e1e91dbd568\" class=\"robogallery-gallery-360\" style=\"width:100%;  display: none;\"><div id=\"rbs_gallery_69e1e91dbd568\" data-options=\"rbs_gallery_69e1e91dbd568\" style=\"width:100%;\" class=\"robo_gallery  \"><div class=\"rbs-img  category360 \" ><div class=\"rbs-img-image   rbs-lightbox \" ><div class=\"rbs-img-thumbs\"  data-thumbnail=\"http:\/\/www.dom-iz-snova.hr\/wp-content\/uploads\/2020\/12\/tea.jpg\"  title=\"tea\"  data-width=\"300\"  data-height=\"225\" ><\/div><div class=\"rbs-img-data-popup\"  data-popup=\"http:\/\/www.dom-iz-snova.hr\/wp-content\/uploads\/2020\/12\/tea.jpg\"  title=\"tea\" ><\/div><div class=\"thumbnail-overlay\"><div class=\"rbsTitle \">tea<\/div><div class=\"rbsIcons\"><i class=\"fa fa-search-plus rbsZoomIcon \" ><\/i><\/div><\/div><\/div><\/div><div class=\"rbs-img  category360 \" ><div class=\"rbs-img-image   rbs-lightbox \" ><div class=\"rbs-img-thumbs\"  data-thumbnail=\"http:\/\/www.dom-iz-snova.hr\/wp-content\/uploads\/2020\/12\/tea1.jpg\"  title=\"tea1\"  data-width=\"300\"  data-height=\"225\" ><\/div><div class=\"rbs-img-data-popup\"  data-popup=\"http:\/\/www.dom-iz-snova.hr\/wp-content\/uploads\/2020\/12\/tea1.jpg\"  title=\"tea1\" ><\/div><div class=\"thumbnail-overlay\"><div class=\"rbsTitle \">tea1<\/div><div class=\"rbsIcons\"><i class=\"fa fa-search-plus rbsZoomIcon \" ><\/i><\/div><\/div><\/div><\/div><div class=\"rbs-img  category360 \" ><div class=\"rbs-img-image   rbs-lightbox \" ><div class=\"rbs-img-thumbs\"  data-thumbnail=\"http:\/\/www.dom-iz-snova.hr\/wp-content\/uploads\/2020\/12\/tea_tlocrt_prizemlja.jpg\"  title=\"tea_tlocrt_prizemlja\"  data-width=\"300\"  data-height=\"212\" ><\/div><div class=\"rbs-img-data-popup\"  data-popup=\"http:\/\/www.dom-iz-snova.hr\/wp-content\/uploads\/2020\/12\/tea_tlocrt_prizemlja.jpg\"  title=\"tea_tlocrt_prizemlja\" ><\/div><div class=\"thumbnail-overlay\"><div class=\"rbsTitle \">tea_tlocrt_prizemlja<\/div><div class=\"rbsIcons\"><i class=\"fa fa-search-plus rbsZoomIcon \" ><\/i><\/div><\/div><\/div><\/div><\/div><\/div><\/div><script>var rbs_gallery_69e1e91dbd568 = {\"version\":\"3.2.15\",\"id\":360,\"class\":\"id360\",\"roboGalleryDelay\":1000,\"mainContainer\":\"#robo_gallery_main_block_rbs_gallery_69e1e91dbd568\",\"loadingContainer\":\"#rbs_gallery_69e1e91dbd568-block-loader\",\"loadingContainerObj\":\"rbs_gallery_69e1e91dbd568-block-loader\",\"columnWidth\":\"auto\",\"columns\":3,\"resolutions\":[{\"columnWidth\":\"auto\",\"columns\":3,\"maxWidth\":960},{\"columnWidth\":\"auto\",\"columns\":2,\"maxWidth\":650},{\"columnWidth\":\"auto\",\"columns\":1,\"maxWidth\":450}],\"lightboxOptions\":{\"gallery\":{\"enabled\":true,\"tCounter\":\"%curr% of %total%\"}},\"overlayEffect\":\"direction-aware-fade\",\"boxesToLoadStart\":12,\"boxesToLoad\":8,\"waitUntilThumbLoads\":1,\"LoadingWord\":\"Loading...\",\"loadMoreWord\":\"Load More\",\"noMoreEntriesWord\":\"No More Entries\",\"horizontalSpaceBetweenBoxes\":15,\"verticalSpaceBetweenBoxes\":15,\"lazyLoad\":1,\"wrapContainer\":\"#robo-gallery-wrap-rbs_gallery_69e1e91dbd568\"};<\/script>","protected":false},"excerpt":{"rendered":"<p>Prizemnica 96m2, sastoji se od: ulazni hodnik, podest, dnevni boravak, kuhinja, spava\u0107a soba, kupaonica, dje\u010dja soba. Visoki roh bau 41.160 eura* *Cijene su iskazane bez PDV-a, za monta\u017eni zid D1.<\/p>\n","protected":false},"author":1,"featured_media":0,"parent":0,"menu_order":0,"comment_status":"closed","ping_status":"closed","template":"","meta":{"footnotes":""},"class_list":["post-94","page","type-page","status-publish","hentry"],"_links":{"self":[{"href":"http:\/\/www.dom-iz-snova.hr\/index.php?rest_route=\/wp\/v2\/pages\/94","targetHints":{"allow":["GET"]}}],"collection":[{"href":"http:\/\/www.dom-iz-snova.hr\/index.php?rest_route=\/wp\/v2\/pages"}],"about":[{"href":"http:\/\/www.dom-iz-snova.hr\/index.php?rest_route=\/wp\/v2\/types\/page"}],"author":[{"embeddable":true,"href":"http:\/\/www.dom-iz-snova.hr\/index.php?rest_route=\/wp\/v2\/users\/1"}],"replies":[{"embeddable":true,"href":"http:\/\/www.dom-iz-snova.hr\/index.php?rest_route=%2Fwp%2Fv2%2Fcomments&post=94"}],"version-history":[{"count":5,"href":"http:\/\/www.dom-iz-snova.hr\/index.php?rest_route=\/wp\/v2\/pages\/94\/revisions"}],"predecessor-version":[{"id":746,"href":"http:\/\/www.dom-iz-snova.hr\/index.php?rest_route=\/wp\/v2\/pages\/94\/revisions\/746"}],"wp:attachment":[{"href":"http:\/\/www.dom-iz-snova.hr\/index.php?rest_route=%2Fwp%2Fv2%2Fmedia&parent=94"}],"curies":[{"name":"wp","href":"https:\/\/api.w.org\/{rel}","templated":true}]}}