{"id":72,"date":"2020-12-10T13:08:00","date_gmt":"2020-12-10T13:08:00","guid":{"rendered":"http:\/\/www.dom-iz-snova.hr\/?page_id=72"},"modified":"2020-12-17T11:00:15","modified_gmt":"2020-12-17T11:00:15","slug":"kuce","status":"publish","type":"page","link":"http:\/\/www.dom-iz-snova.hr\/?page_id=72","title":{"rendered":"Ku\u0107e"},"content":{"rendered":"\n<p>Klikom na naziv kategorije mo\u017eete vidjeti ponudu izgra\u0111enih ku\u0107a.<\/p>\n\n\n\n<figure class=\"wp-block-gallery columns-3 is-cropped wp-block-gallery-1 is-layout-flex wp-block-gallery-is-layout-flex\"><ul class=\"blocks-gallery-grid\"><li class=\"blocks-gallery-item\"><figure><img loading=\"lazy\" decoding=\"async\" width=\"500\" height=\"300\" src=\"http:\/\/www.dom-iz-snova.hr\/wp-content\/uploads\/2020\/12\/kuca6.jpg\" alt=\"\" data-id=\"83\" data-full-url=\"http:\/\/www.dom-iz-snova.hr\/wp-content\/uploads\/2020\/12\/kuca6.jpg\" data-link=\"http:\/\/www.dom-iz-snova.hr\/?attachment_id=83\" class=\"wp-image-83\"\/><figcaption class=\"blocks-gallery-item__caption\"><a href=\"http:\/\/www.dom-iz-snova.hr\/?page_id=90\" data-type=\"page\" data-id=\"90\"><span class=\"has-inline-color has-white-color\"><strong>Prizemne ku\u0107e<\/strong><\/span><\/a><\/figcaption><\/figure><\/li><li class=\"blocks-gallery-item\"><figure><img loading=\"lazy\" decoding=\"async\" width=\"200\" height=\"200\" src=\"http:\/\/www.dom-iz-snova.hr\/wp-content\/uploads\/2020\/12\/sanja.png\" alt=\"\" data-id=\"318\" data-full-url=\"http:\/\/www.dom-iz-snova.hr\/wp-content\/uploads\/2020\/12\/sanja.png\" data-link=\"http:\/\/www.dom-iz-snova.hr\/?attachment_id=318\" class=\"wp-image-318\"\/><figcaption class=\"blocks-gallery-item__caption\"><a href=\"http:\/\/www.dom-iz-snova.hr\/?page_id=103\" data-type=\"page\" data-id=\"103\"><span class=\"has-inline-color has-white-color\"><strong>Ku\u0107e s potkrovljem<\/strong><\/span><\/a><\/figcaption><\/figure><\/li><li class=\"blocks-gallery-item\"><figure><img loading=\"lazy\" decoding=\"async\" width=\"800\" height=\"600\" src=\"http:\/\/www.dom-iz-snova.hr\/wp-content\/uploads\/2020\/12\/Villa-Rangalli-2.jpg\" alt=\"\" data-id=\"479\" data-full-url=\"http:\/\/www.dom-iz-snova.hr\/wp-content\/uploads\/2020\/12\/Villa-Rangalli-2.jpg\" data-link=\"http:\/\/www.dom-iz-snova.hr\/?attachment_id=479\" class=\"wp-image-479\"\/><figcaption class=\"blocks-gallery-item__caption\"><a href=\"http:\/\/www.dom-iz-snova.hr\/?page_id=118\" data-type=\"page\" data-id=\"118\"><span class=\"has-inline-color has-white-color\"><strong>Urbane vile<\/strong><\/span><\/a><\/figcaption><\/figure><\/li><li class=\"blocks-gallery-item\"><figure><img loading=\"lazy\" decoding=\"async\" width=\"860\" height=\"486\" src=\"http:\/\/www.dom-iz-snova.hr\/wp-content\/uploads\/2020\/12\/zlatko2.jpg\" alt=\"\" data-id=\"457\" data-full-url=\"http:\/\/www.dom-iz-snova.hr\/wp-content\/uploads\/2020\/12\/zlatko2.jpg\" data-link=\"http:\/\/www.dom-iz-snova.hr\/?attachment_id=457\" class=\"wp-image-457\"\/><figcaption class=\"blocks-gallery-item__caption\"><a href=\"http:\/\/www.dom-iz-snova.hr\/?page_id=128\" data-type=\"page\" data-id=\"128\"><span class=\"has-inline-color has-white-color\"><strong>Vikendice<\/strong><\/span><\/a><\/figcaption><\/figure><\/li><\/ul><\/figure>\n\n\n\n<p><\/p>\n","protected":false},"excerpt":{"rendered":"<p>Klikom na naziv kategorije mo\u017eete vidjeti ponudu izgra\u0111enih ku\u0107a.<\/p>\n","protected":false},"author":1,"featured_media":0,"parent":0,"menu_order":0,"comment_status":"closed","ping_status":"closed","template":"","meta":{"footnotes":""},"class_list":["post-72","page","type-page","status-publish","hentry"],"_links":{"self":[{"href":"http:\/\/www.dom-iz-snova.hr\/index.php?rest_route=\/wp\/v2\/pages\/72","targetHints":{"allow":["GET"]}}],"collection":[{"href":"http:\/\/www.dom-iz-snova.hr\/index.php?rest_route=\/wp\/v2\/pages"}],"about":[{"href":"http:\/\/www.dom-iz-snova.hr\/index.php?rest_route=\/wp\/v2\/types\/page"}],"author":[{"embeddable":true,"href":"http:\/\/www.dom-iz-snova.hr\/index.php?rest_route=\/wp\/v2\/users\/1"}],"replies":[{"embeddable":true,"href":"http:\/\/www.dom-iz-snova.hr\/index.php?rest_route=%2Fwp%2Fv2%2Fcomments&post=72"}],"version-history":[{"count":5,"href":"http:\/\/www.dom-iz-snova.hr\/index.php?rest_route=\/wp\/v2\/pages\/72\/revisions"}],"predecessor-version":[{"id":671,"href":"http:\/\/www.dom-iz-snova.hr\/index.php?rest_route=\/wp\/v2\/pages\/72\/revisions\/671"}],"wp:attachment":[{"href":"http:\/\/www.dom-iz-snova.hr\/index.php?rest_route=%2Fwp%2Fv2%2Fmedia&parent=72"}],"curies":[{"name":"wp","href":"https:\/\/api.w.org\/{rel}","templated":true}]}}