{"id":385,"date":"2020-12-15T11:16:55","date_gmt":"2020-12-15T11:16:55","guid":{"rendered":"http:\/\/www.dom-iz-snova.hr\/?page_id=385"},"modified":"2021-01-14T09:55:58","modified_gmt":"2021-01-14T09:55:58","slug":"o-nama","status":"publish","type":"page","link":"http:\/\/www.dom-iz-snova.hr\/?page_id=385","title":{"rendered":"O nama"},"content":{"rendered":"\n<p><br>Dom iz snova d.o.o. sa sjedi\u0161tem u Dugoj Resi, Zagreba\u010dka 23b, je tvrtka koja se bavi proizvodnjom gotovih niskoenergetskih i monta\u017enih ku\u0107a, vikendica, te proizvodnih hala.<br>Na\u0161 na\u010din rada je rezultat dugogodi\u0161njeg sta\u017ea u gra\u0111evini, gdje u suradnji sa projektnim uredima Arhicon d.o.o. Ozalj, Atrium d.o.o. Karlovac, Studio Abak d.o.o. Zagreb, Lagom studio d.o.o Zagreb, i vlastitim projektnim uredom realiziramo va\u0161e snove.<\/p>\n\n\n\n<p><br>Iza nas stoje godine iskustva koje garantiraju da gradimo kvalitetno, brzo i profesionalno.<br>Ku\u0107e koje mi gradimo su u potpunosti na\u0161 proizvod, u \u0161to se svaki investitor mo\u017ee uvjeriti i<br>dolaskomu na\u0161u proizvodnu halu.<\/p>\n\n\n\n<p><br>Gradimo ku\u0107e prema \u017eeljama investitora, to ne moraju biti tipski projekti, te smo na taj na\u010din u mogu\u0107nosti ostvariti sve va\u0161e snove.<\/p>\n\n\n\n<p><br>Cilj na\u0161e tvrtke je izgraditi vam dom koji je:<\/p>\n\n\n\n<p>&#8211; do 50% jeftiniji od klasi\u010dno gra\u0111enih ku\u0107a<br>&#8211; topliji, jeftiniji i zdraviji za \u017eivot<\/p>\n\n\n\n<p><br>Garancija za vrlo malo potrebne energije za grijanje i hla\u0111enje va\u0161eg budu\u0107eg doma je toplinska izolacija na\u0161ih ku\u0107a. Iz tog razloga vam nudimo tri mogu\u0107nosti za debljinu zidova, na vama je samo da odaberete koju.<\/p>\n\n\n\n<p><br>Nudimo:<\/p>\n\n\n\n<p>&#8211; dom koji \u0161tedi 40-60% energije, a kod na\u0161ih tkz. \u201ePasivnih ku\u0107a\u201c i do 80%<br>&#8211; ku\u0107e koje su atraktivne, stilski dotjerane da zadovoljavaju i najzahtjevnije klijente,   ugodne za \u017eivot, a prije svega po pristupa\u010dnim cijenama, usudili bi se re\u0107i po omjeru ulo\u017eenog i po najpovoljnijim na tr\u017ei\u0161tu.<\/p>\n\n\n\n<p>Na\u0161 projektni tim koji \u0107e iza\u0107i u susret svim va\u0161im \u017eeljama, vizualnim, funkcionalnim i<br>arhitektonskim.<\/p>\n\n\n\n<p>Vrijeme je da ostvarite svoje snove.<\/p>\n\n\n\n<p><br>Odaberite dom koji je topao, zdrav, ugodan i pristupa\u010dan Va\u0161im \u017eeljama, dom kojim \u0107ete se ponositi.<\/p>\n\n\n\n<p><br>Neka to bude Va\u0161 Dom iz snova!<\/p>\n","protected":false},"excerpt":{"rendered":"<p>Dom iz snova d.o.o. sa sjedi\u0161tem u Dugoj Resi, Zagreba\u010dka 23b, je tvrtka koja se bavi proizvodnjom gotovih niskoenergetskih i monta\u017enih ku\u0107a, vikendica, te proizvodnih hala.Na\u0161 na\u010din rada je rezultat dugogodi\u0161njeg sta\u017ea u gra\u0111evini, gdje u suradnji sa projektnim uredima Arhicon d.o.o. Ozalj, Atrium d.o.o. Karlovac, Studio Abak d.o.o. Zagreb, Lagom studio d.o.o Zagreb, i &hellip; <\/p>\n<p class=\"link-more\"><a href=\"http:\/\/www.dom-iz-snova.hr\/?page_id=385\" class=\"more-link\">Continue reading<span class=\"screen-reader-text\"> &#8220;O nama&#8221;<\/span><\/a><\/p>\n","protected":false},"author":1,"featured_media":691,"parent":0,"menu_order":0,"comment_status":"closed","ping_status":"closed","template":"","meta":{"footnotes":""},"class_list":["post-385","page","type-page","status-publish","has-post-thumbnail","hentry"],"_links":{"self":[{"href":"http:\/\/www.dom-iz-snova.hr\/index.php?rest_route=\/wp\/v2\/pages\/385","targetHints":{"allow":["GET"]}}],"collection":[{"href":"http:\/\/www.dom-iz-snova.hr\/index.php?rest_route=\/wp\/v2\/pages"}],"about":[{"href":"http:\/\/www.dom-iz-snova.hr\/index.php?rest_route=\/wp\/v2\/types\/page"}],"author":[{"embeddable":true,"href":"http:\/\/www.dom-iz-snova.hr\/index.php?rest_route=\/wp\/v2\/users\/1"}],"replies":[{"embeddable":true,"href":"http:\/\/www.dom-iz-snova.hr\/index.php?rest_route=%2Fwp%2Fv2%2Fcomments&post=385"}],"version-history":[{"count":4,"href":"http:\/\/www.dom-iz-snova.hr\/index.php?rest_route=\/wp\/v2\/pages\/385\/revisions"}],"predecessor-version":[{"id":692,"href":"http:\/\/www.dom-iz-snova.hr\/index.php?rest_route=\/wp\/v2\/pages\/385\/revisions\/692"}],"wp:featuredmedia":[{"embeddable":true,"href":"http:\/\/www.dom-iz-snova.hr\/index.php?rest_route=\/wp\/v2\/media\/691"}],"wp:attachment":[{"href":"http:\/\/www.dom-iz-snova.hr\/index.php?rest_route=%2Fwp%2Fv2%2Fmedia&parent=385"}],"curies":[{"name":"wp","href":"https:\/\/api.w.org\/{rel}","templated":true}]}}