{"id":150,"date":"2020-12-14T10:57:36","date_gmt":"2020-12-14T10:57:36","guid":{"rendered":"http:\/\/www.dom-iz-snova.hr\/?page_id=150"},"modified":"2020-12-19T18:46:18","modified_gmt":"2020-12-19T18:46:18","slug":"zasto-niskoenergetske-kuce","status":"publish","type":"page","link":"http:\/\/www.dom-iz-snova.hr\/?page_id=150","title":{"rendered":"Za\u0161to niskoenergetske monta\u017ene ku\u0107e?"},"content":{"rendered":"\n<p>\u010cak i u pri\u010di &#8220;Tri pra\u0161\u010di\u0107a&#8221;, zlo\u010desti vuk otpu\u0161e ku\u0107e koje nisu od kamena i cigle&#8230; takvo je mi\u0161ljenje dugo godina bilo i na na\u0161im prostorima, no da li je to ba\u0161 tako?<\/p>\n\n\n\n<p>Ako razmi\u0161ljate o vlastitoj ku\u0107i, a jo\u0161 se niste odlu\u010dili ho\u0107e li to biti klasi\u010dna ili mo\u017eda ipak niskoenergetska monta\u017ena ku\u0107a, onda \u0107e Vam Dom iz snova d.o.o. dati nekoliko \u010dinjenica s kojim \u0107emo Vam poku\u0161ati olak\u0161ati odluku:<\/p>\n\n\n\n<ul class=\"wp-block-list\"><li>U drugim dijelovima Europe vi\u0161e od 30 % obiteljskih ku\u0107a su monta\u017ene ku\u0107e, a u Skandinaviji i SAD- u kao da i nema vi\u0161e klasi\u010dnih ku\u0107a<\/li><li>Ako \u017eelite izgraditi monta\u017enu ku\u0107u, potrebno je odabrati dom koji \u017eelite te da za njega pripremite temelje, a nakon 2 mjeseca ta ku\u0107a \u0107e biti spremna za useljenje.<\/li><li>Monta\u017ene ku\u0107e su \u010dvrste i jednako otporne na po\u017ear kao i klasi\u010dne, a osim toga monta\u017ene ku\u0107e su puno kvalitetnije po pitanju toplinske izolacije. Toplinska izolacija je \u010dak 4 do 5 puta bolja od one u klasi\u010dnim ku\u0107ama.<\/li><li>Vlaga je kod monta\u017ene gradnje isklju\u010dena. Monta\u017eni su elementi izvedeni u hali u uvjetima koji su za njihovo sastavljanje najprimjereniji. Oni ne ovise o vremenskim prilikama niti o godi\u0161njem dobu. Kada ti elementi do\u0111u na gradili\u0161te, spajaju se i vi nakon izgradnje ulazite prakti\u010dno u &#8216;suhu&#8217; ku\u0107u.<\/li><li>Dobro projektirana monta\u017ena ku\u0107a je otpornija na potrese od klasi\u010dne ku\u0107e. Za svaki je monta\u017eni element izra\u010dunata statika i nema bojazni niti straha da \u0107e im potres na\u0161koditi.<\/li><li>Monta\u017ena se ku\u0107a gradi od ekolo\u0161kih materijala koji doprinose stvaranju ugodne klime. Osim toga, drvo je kao materijal omiljeno kod ljudi. Ono stvara osje\u0107aj prisnosti i topline i ekolo\u0161ki je gra\u0111evinski materijal.<\/li><li>Kvalitetna toplinska izolacija, kako vanjskih tako i unutra\u0161njih zidova, smanjit \u0107e tro\u0161kove grijanja i do 35% godi\u0161nje. Zvu\u010dna izolacija se tako\u0111er mo\u017ee posti\u0107i odabirom materijala koji su dobri zvu\u010dni izolatori. Gradnja monta\u017ene ku\u0107e, koja se mo\u017ee u potpunosti mjeriti s kvalitetnom tradicionalnom gradnjom, ima cijenu od oko 250 do 500 eura po kvadratu. Za nju su potrebni svi oni dokumenti koji su potrebni i za klasi\u010dnu izgradnju.<\/li><li>Projekt kao i svu potrebnu savjetodavnu pomo\u0107 mo\u017eete dobiti kod nas.<\/li><\/ul>\n","protected":false},"excerpt":{"rendered":"<p>\u010cak i u pri\u010di &#8220;Tri pra\u0161\u010di\u0107a&#8221;, zlo\u010desti vuk otpu\u0161e ku\u0107e koje nisu od kamena i cigle&#8230; takvo je mi\u0161ljenje dugo godina bilo i na na\u0161im prostorima, no da li je to ba\u0161 tako? Ako razmi\u0161ljate o vlastitoj ku\u0107i, a jo\u0161 se niste odlu\u010dili ho\u0107e li to biti klasi\u010dna ili mo\u017eda ipak niskoenergetska monta\u017ena ku\u0107a, onda &hellip; <\/p>\n<p class=\"link-more\"><a href=\"http:\/\/www.dom-iz-snova.hr\/?page_id=150\" class=\"more-link\">Continue reading<span class=\"screen-reader-text\"> &#8220;Za\u0161to niskoenergetske monta\u017ene ku\u0107e?&#8221;<\/span><\/a><\/p>\n","protected":false},"author":1,"featured_media":0,"parent":0,"menu_order":0,"comment_status":"closed","ping_status":"closed","template":"","meta":{"footnotes":""},"class_list":["post-150","page","type-page","status-publish","hentry"],"_links":{"self":[{"href":"http:\/\/www.dom-iz-snova.hr\/index.php?rest_route=\/wp\/v2\/pages\/150","targetHints":{"allow":["GET"]}}],"collection":[{"href":"http:\/\/www.dom-iz-snova.hr\/index.php?rest_route=\/wp\/v2\/pages"}],"about":[{"href":"http:\/\/www.dom-iz-snova.hr\/index.php?rest_route=\/wp\/v2\/types\/page"}],"author":[{"embeddable":true,"href":"http:\/\/www.dom-iz-snova.hr\/index.php?rest_route=\/wp\/v2\/users\/1"}],"replies":[{"embeddable":true,"href":"http:\/\/www.dom-iz-snova.hr\/index.php?rest_route=%2Fwp%2Fv2%2Fcomments&post=150"}],"version-history":[{"count":3,"href":"http:\/\/www.dom-iz-snova.hr\/index.php?rest_route=\/wp\/v2\/pages\/150\/revisions"}],"predecessor-version":[{"id":167,"href":"http:\/\/www.dom-iz-snova.hr\/index.php?rest_route=\/wp\/v2\/pages\/150\/revisions\/167"}],"wp:attachment":[{"href":"http:\/\/www.dom-iz-snova.hr\/index.php?rest_route=%2Fwp%2Fv2%2Fmedia&parent=150"}],"curies":[{"name":"wp","href":"https:\/\/api.w.org\/{rel}","templated":true}]}}