{"id":108,"date":"2020-12-10T13:28:27","date_gmt":"2020-12-10T13:28:27","guid":{"rendered":"http:\/\/www.dom-iz-snova.hr\/?page_id=108"},"modified":"2022-03-03T10:29:11","modified_gmt":"2022-03-03T10:29:11","slug":"lara-130m2","status":"publish","type":"page","link":"http:\/\/www.dom-iz-snova.hr\/?page_id=108","title":{"rendered":"Lara 130m2"},"content":{"rendered":"\n<p>Obiteljska ku\u0107a prizemlje+potkrovlje, sa velikim staklenim povr\u0161inama, gdje se u slu\u010daju pravilne orijentacije prema suncu mo\u017ee dobiti ogromna korist od velikih staklenih povr\u0161ina za zagrijavanje ku\u0107e kao i u\u017eivanje u dnevnom svjetlu. Ku\u0107a se sastoji od prizemlja sa kuhinjom, blagavaonom, kupaonom, wc-om, radnom sobom. Potkrovlje se sastoji od tri spava\u0107e sobe i kupaone.<\/p>\n\n\n\n<p><strong>Visoki roh bau \u2013 45.500 eura*<br><br><\/strong>*Cijene su iskazane bez PDV-a, za zid D1<\/p>\n\n\n<style type=\"text\/css\" scoped>.rbs_gallery_69dff8fca26e2Spinner{\r\n\t\t\t\tmargin: 50px auto;\r\n\t\t\t\twidth: 50px;\r\n\t\t\t\theight: 40px;\r\n\t\t\t\ttext-align: center;\r\n\t\t\t\tfont-size: 10px;\r\n\t\t\t}\r\n\t\t\t.rbs_gallery_69dff8fca26e2Spinner > div{\r\n\t\t\t  background-color: #333;\r\n\t\t\t  height: 100%;\r\n\t\t\t  width: 6px;\r\n\t\t\t  display: inline-block;\r\n\t\t\t  -webkit-animation: rbs_gallery_69dff8fca26e2-stretchdelay 1.2s infinite ease-in-out;\r\n\t\t\t  animation: rbs_gallery_69dff8fca26e2-stretchdelay 1.2s infinite ease-in-out;\r\n\t\t\t}\r\n\t\t\t.rbs_gallery_69dff8fca26e2Spinner .rbs_gallery_69dff8fca26e2Rect2 {\r\n\t\t\t  -webkit-animation-delay: -1.1s;\r\n\t\t\t  animation-delay: -1.1s;\r\n\t\t\t}\r\n\t\t\t.rbs_gallery_69dff8fca26e2Spinner .rbs_gallery_69dff8fca26e2Rect3 {\r\n\t\t\t  -webkit-animation-delay: -1.0s;\r\n\t\t\t  animation-delay: -1.0s;\r\n\t\t\t}\r\n\t\t\t.rbs_gallery_69dff8fca26e2Spinner .rbs_gallery_69dff8fca26e2Rect4 {\r\n\t\t\t  -webkit-animation-delay: -0.9s;\r\n\t\t\t  animation-delay: -0.9s;\r\n\t\t\t}\r\n\t\t\t.rbs_gallery_69dff8fca26e2Spinner .rbs_gallery_69dff8fca26e2Rect5 {\r\n\t\t\t  -webkit-animation-delay: -0.8s;\r\n\t\t\t  animation-delay: -0.8s;\r\n\t\t\t}\r\n\t\t\t@-webkit-keyframes rbs_gallery_69dff8fca26e2-stretchdelay {\r\n\t\t\t  0%, 40%, 100% { -webkit-transform: scaleY(0.4) }  \r\n\t\t\t  20% { -webkit-transform: scaleY(1.0) }\r\n\t\t\t}\r\n\t\t\t@keyframes rbs_gallery_69dff8fca26e2-stretchdelay {\r\n\t\t\t  0%, 40%, 100% { \r\n\t\t\t    transform: scaleY(0.4);\r\n\t\t\t    -webkit-transform: scaleY(0.4);\r\n\t\t\t  }  20% { \r\n\t\t\t    transform: scaleY(1.0);\r\n\t\t\t    -webkit-transform: scaleY(1.0);\r\n\t\t\t  }\r\n\t\t\t}\r\n\t\t<\/style><div class=\"robo-gallery-wrap robo-gallery-wrap-id301 robo-gallery-grid\" ><div id=\"rbs_gallery_69dff8fca26e2-block-loader\" class=\"rbs_gallery_69dff8fca26e2Spinner\"><div class=\"rbs_gallery_69dff8fca26e2Rect1\"><\/div> <div class=\"rbs_gallery_69dff8fca26e2Rect2\"><\/div> <div class=\"rbs_gallery_69dff8fca26e2Rect3\"><\/div> <div class=\"rbs_gallery_69dff8fca26e2Rect4\"><\/div> <div class=\"rbs_gallery_69dff8fca26e2Rect5\"><\/div><\/div><div id=\"robo_gallery_main_block_rbs_gallery_69dff8fca26e2\" class=\"robogallery-gallery-301\" style=\"width:100%;  display: none;\"><div id=\"rbs_gallery_69dff8fca26e2\" data-options=\"rbs_gallery_69dff8fca26e2\" style=\"width:100%;\" class=\"robo_gallery  \"><div class=\"rbs-img  category301 \" ><div class=\"rbs-img-image   rbs-lightbox \" ><div class=\"rbs-img-thumbs\"  data-thumbnail=\"http:\/\/www.dom-iz-snova.hr\/wp-content\/uploads\/2020\/12\/lara.jpg\"  title=\"lara\"  data-width=\"300\"  data-height=\"225\" ><\/div><div class=\"rbs-img-data-popup\"  data-popup=\"http:\/\/www.dom-iz-snova.hr\/wp-content\/uploads\/2020\/12\/lara.jpg\"  title=\"lara\" ><\/div><div class=\"thumbnail-overlay\"><div class=\"rbsTitle \">lara<\/div><div class=\"rbsIcons\"><i class=\"fa fa-search-plus rbsZoomIcon \" ><\/i><\/div><\/div><\/div><\/div><div class=\"rbs-img  category301 \" ><div class=\"rbs-img-image   rbs-lightbox \" ><div class=\"rbs-img-thumbs\"  data-thumbnail=\"http:\/\/www.dom-iz-snova.hr\/wp-content\/uploads\/2020\/12\/tlocrt_prizemlje.png\"  title=\"tlocrt_prizemlje\"  data-width=\"300\"  data-height=\"250\" ><\/div><div class=\"rbs-img-data-popup\"  data-popup=\"http:\/\/www.dom-iz-snova.hr\/wp-content\/uploads\/2020\/12\/tlocrt_prizemlje.png\"  title=\"tlocrt_prizemlje\" ><\/div><div class=\"thumbnail-overlay\"><div class=\"rbsTitle \">tlocrt_prizemlje<\/div><div class=\"rbsIcons\"><i class=\"fa fa-search-plus rbsZoomIcon \" ><\/i><\/div><\/div><\/div><\/div><div class=\"rbs-img  category301 \" ><div class=\"rbs-img-image   rbs-lightbox \" ><div class=\"rbs-img-thumbs\"  data-thumbnail=\"http:\/\/www.dom-iz-snova.hr\/wp-content\/uploads\/2020\/12\/tlocrt_potkrovlje.png\"  title=\"tlocrt_potkrovlje\"  data-width=\"300\"  data-height=\"237\" ><\/div><div class=\"rbs-img-data-popup\"  data-popup=\"http:\/\/www.dom-iz-snova.hr\/wp-content\/uploads\/2020\/12\/tlocrt_potkrovlje.png\"  title=\"tlocrt_potkrovlje\" ><\/div><div class=\"thumbnail-overlay\"><div class=\"rbsTitle \">tlocrt_potkrovlje<\/div><div class=\"rbsIcons\"><i class=\"fa fa-search-plus rbsZoomIcon \" ><\/i><\/div><\/div><\/div><\/div><\/div><\/div><\/div><script>var rbs_gallery_69dff8fca26e2 = {\"version\":\"3.2.15\",\"id\":301,\"class\":\"id301\",\"roboGalleryDelay\":1000,\"mainContainer\":\"#robo_gallery_main_block_rbs_gallery_69dff8fca26e2\",\"loadingContainer\":\"#rbs_gallery_69dff8fca26e2-block-loader\",\"loadingContainerObj\":\"rbs_gallery_69dff8fca26e2-block-loader\",\"columnWidth\":\"auto\",\"columns\":3,\"resolutions\":[{\"columnWidth\":\"auto\",\"columns\":3,\"maxWidth\":960},{\"columnWidth\":\"auto\",\"columns\":2,\"maxWidth\":650},{\"columnWidth\":\"auto\",\"columns\":1,\"maxWidth\":450}],\"lightboxOptions\":{\"gallery\":{\"enabled\":true,\"tCounter\":\"%curr% of %total%\"}},\"overlayEffect\":\"direction-aware-fade\",\"boxesToLoadStart\":12,\"boxesToLoad\":8,\"waitUntilThumbLoads\":1,\"LoadingWord\":\"Loading...\",\"loadMoreWord\":\"Load More\",\"noMoreEntriesWord\":\"No More Entries\",\"horizontalSpaceBetweenBoxes\":15,\"verticalSpaceBetweenBoxes\":15,\"lazyLoad\":1,\"wrapContainer\":\"#robo-gallery-wrap-rbs_gallery_69dff8fca26e2\"};<\/script>","protected":false},"excerpt":{"rendered":"<p>Obiteljska ku\u0107a prizemlje+potkrovlje, sa velikim staklenim povr\u0161inama, gdje se u slu\u010daju pravilne orijentacije prema suncu mo\u017ee dobiti ogromna korist od velikih staklenih povr\u0161ina za zagrijavanje ku\u0107e kao i u\u017eivanje u dnevnom svjetlu. Ku\u0107a se sastoji od prizemlja sa kuhinjom, blagavaonom, kupaonom, wc-om, radnom sobom. Potkrovlje se sastoji od tri spava\u0107e sobe i kupaone. Visoki roh &hellip; <\/p>\n<p class=\"link-more\"><a href=\"http:\/\/www.dom-iz-snova.hr\/?page_id=108\" class=\"more-link\">Continue reading<span class=\"screen-reader-text\"> &#8220;Lara 130m2&#8221;<\/span><\/a><\/p>\n","protected":false},"author":1,"featured_media":0,"parent":0,"menu_order":0,"comment_status":"closed","ping_status":"closed","template":"","meta":{"footnotes":""},"class_list":["post-108","page","type-page","status-publish","hentry"],"_links":{"self":[{"href":"http:\/\/www.dom-iz-snova.hr\/index.php?rest_route=\/wp\/v2\/pages\/108","targetHints":{"allow":["GET"]}}],"collection":[{"href":"http:\/\/www.dom-iz-snova.hr\/index.php?rest_route=\/wp\/v2\/pages"}],"about":[{"href":"http:\/\/www.dom-iz-snova.hr\/index.php?rest_route=\/wp\/v2\/types\/page"}],"author":[{"embeddable":true,"href":"http:\/\/www.dom-iz-snova.hr\/index.php?rest_route=\/wp\/v2\/users\/1"}],"replies":[{"embeddable":true,"href":"http:\/\/www.dom-iz-snova.hr\/index.php?rest_route=%2Fwp%2Fv2%2Fcomments&post=108"}],"version-history":[{"count":7,"href":"http:\/\/www.dom-iz-snova.hr\/index.php?rest_route=\/wp\/v2\/pages\/108\/revisions"}],"predecessor-version":[{"id":753,"href":"http:\/\/www.dom-iz-snova.hr\/index.php?rest_route=\/wp\/v2\/pages\/108\/revisions\/753"}],"wp:attachment":[{"href":"http:\/\/www.dom-iz-snova.hr\/index.php?rest_route=%2Fwp%2Fv2%2Fmedia&parent=108"}],"curies":[{"name":"wp","href":"https:\/\/api.w.org\/{rel}","templated":true}]}}